{"id":1468,"date":"2025-12-31T20:53:18","date_gmt":"2025-12-31T18:53:18","guid":{"rendered":"https:\/\/sydanmaa.org\/meditative-christmas-retreat-12-14-12-2025\/"},"modified":"2026-04-14T12:43:46","modified_gmt":"2026-04-14T09:43:46","slug":"christmas-meditation-retreat-19-21-12-2025","status":"publish","type":"page","link":"https:\/\/sydanmaa.org\/en\/christmas-meditation-retreat-19-21-12-2025\/","title":{"rendered":"Christmas Meditation Retreat December 2026 \u2013 dates to be announced soon"},"content":{"rendered":"\t\t<div data-elementor-type=\"wp-page\" data-elementor-id=\"1468\" class=\"elementor elementor-1468 elementor-657\" data-elementor-post-type=\"page\">\n\t\t\t\t<div class=\"elementor-element elementor-element-76097f5 e-flex e-con-boxed e-con e-parent\" data-id=\"76097f5\" data-element_type=\"container\" data-e-type=\"container\">\n\t\t\t\t\t<div class=\"e-con-inner\">\n\t\t\t\t<div class=\"elementor-element elementor-element-d03e084 elementor-widget elementor-widget-heading\" data-id=\"d03e084\" data-element_type=\"widget\" data-e-type=\"widget\" data-widget_type=\"heading.default\">\n\t\t\t\t<div class=\"elementor-widget-container\">\n\t\t\t\t\t<h1 class=\"elementor-heading-title elementor-size-default\">Christmas Meditation Retreat December 2026 \u2013 dates to be announced soon<\/h1>\t\t\t\t<\/div>\n\t\t\t\t<\/div>\n\t\t\t\t\t<\/div>\n\t\t\t\t<\/div>\n\t\t<div class=\"elementor-element elementor-element-56b92e9 e-flex e-con-boxed e-con e-parent\" data-id=\"56b92e9\" data-element_type=\"container\" data-e-type=\"container\">\n\t\t\t\t\t<div class=\"e-con-inner\">\n\t\t\t\t<div class=\"elementor-element elementor-element-d28f0c0 elementor-widget elementor-widget-text-editor\" data-id=\"d28f0c0\" data-element_type=\"widget\" data-e-type=\"widget\" data-widget_type=\"text-editor.default\">\n\t\t\t\t<div class=\"elementor-widget-container\">\n\t\t\t\t\t\t\t\t\t<p>The Christmas season sensitises our hearts to the unique atmosphere that accompanies it. In countries of the Christian tradition, even where Christmas is not associated with religion, more than any other celebration, it has as its theme love and its various aspects. Love can be expressed in giving of oneself, in sharing, in generosity or in bringing light where it is especially needed. Genuine presence and resting in oneself are also important aspects of love.    Joulutunnelman syv\u00e4llisemp\u00e4\u00e4n kokemiseen tarvitaan l\u00e4sn\u00e4oloon asettautumista, olemisen tilan synnytt\u00e4mist\u00e4 kaiken tekemisen ja tapahtumisen keskelle. Joulunajan voi ottaa tietoisesti vastaan ja pit\u00e4\u00e4 sit\u00e4 yll\u00e4 n\u00e4in jakaen todellista joulurauhaa my\u00f6s ymp\u00e4r\u00f6iv\u00e4\u00e4n maailmaan. <\/p><p><img fetchpriority=\"high\" decoding=\"async\" class=\"aligncenter wp-image-659 size-full\" style=\"padding: 10px 0;\" src=\"https:\/\/sydanmaa.org\/wp-content\/uploads\/2024\/12\/Christmas-newsletter-2019_DSC0001.jpg\" alt=\"Christmas Meditation Retreat\" width=\"600\" height=\"388\" srcset=\"https:\/\/sydanmaa.org\/wp-content\/uploads\/2024\/12\/Christmas-newsletter-2019_DSC0001.jpg 600w, https:\/\/sydanmaa.org\/wp-content\/uploads\/2024\/12\/Christmas-newsletter-2019_DSC0001-400x259.jpg 400w\" sizes=\"(max-width: 600px) 100vw, 600px\" \/><\/p><p>If your heart is calling you, you are warmly invited to the Christmas atmosphere of Heartland to meditate with us in our candlelit log cabin. The purpose of the retreat is to get us into the Christmas mood, which in Heartland means above all an inner state of gentleness and softness in our minds and hearts, where we can feel at home resting in ourselves. In addition to meditations, the retreat will include a teaching session on the theme and symbolism of Christmas.  <\/p><p><strong>Place:<\/strong> Heartland \u2013 The Place of Silence, Illintie 51, 96460 Rovaniemi.<\/p><p><strong>Dates:<\/strong> Friday, December xx, 7:00 p.m. \u2013 Sunday, December xx, 4:00 p.m.  <\/p><p><strong>Price:<\/strong> 140 euros (incl. 25.5% VAT), including accommodation. For those coming from more than 400 km, \u20ac120. To be paid before the retreat (or separately agreed afterwards) to Syd\u00e4nmaa\u2019s account: FI40 8954 0710 1011 62. In the message box, type: Christmas retreat.   <\/p><p><strong>Meals:<\/strong> we prepare a shared salad with warm side dishes for lunch and a vegetable soup for dinner. Bring a salad and soup ingredients (including a vegetable protein of your choice) for two days. Bring your own picnic for Friday evening. Bring your own breads and spreads. Heartland will provide coffee and tea and coffee milk (bring your own side dishes e.g. cream etc.). In the morning we serve breakfast porridge. Bring your own toppings for the porridge, e.g. berries, fruit, nuts, etc.       <\/p><p><strong>Registration:<\/strong> <a href=\"mailto:leena@sydanmaa.org\">leena@sydanmaa.org<\/a>. preferably before 10.12. <\/p><h4>Teachers<\/h4><p><img decoding=\"async\" class=\"alignright wp-image-661 size-medium\" src=\"https:\/\/sydanmaa.org\/wp-content\/uploads\/2024\/12\/Christmas-newsletter-2019_DSC9993-400x267.jpg\" alt=\"Christmas-newsletter-2019_DSC9993\" width=\"400\" height=\"267\" srcset=\"https:\/\/sydanmaa.org\/wp-content\/uploads\/2024\/12\/Christmas-newsletter-2019_DSC9993-400x267.jpg 400w, https:\/\/sydanmaa.org\/wp-content\/uploads\/2024\/12\/Christmas-newsletter-2019_DSC9993.jpg 600w\" sizes=\"(max-width: 400px) 100vw, 400px\" \/>Teachers Leena and Hans Christian Hansen have been dedicated to the study of spiritual traditions, yoga, meditation and spiritual living for over twenty years. They have both taught in the late Asger Lorentsen&#8217;s trainings and run their own courses and retreats for over fifteen years. Currently Leena and Hans Christian are students of the American spiritual teacher <a href=\"https:\/\/emergentdharma.com\" target=\"_blank\" rel=\"noopener\">Mark Sullivan<\/a> and the Indian teacher <a href=\"https:\/\/satsang-foundation.org\" target=\"_blank\" rel=\"noopener\">Sri M<\/a>. (Sri M is a disciple of the legendary Himalayan spiritual teacher Sri Guru Babaji). Both teachers support the Bodhisattva School and other Heartland trainings. The training is essentially not about the knowledge or vision of individual teachers, but about a broader impulse from multiple spiritual traditions and masters. The course is not an invitation to follow any one teacher or spiritual tradition, but rather to provide a rich and practical daily experience of finding one&#8217;s own inner connection to one&#8217;s own inner spiritual home through sustained practice. The languages of instruction are Finnish and English, translated into Finnish if necessary.      <\/p><p>You are warmly welcome to our trainings and retreats, if your heart is in it! Feel free to pass on information about them. <\/p>\t\t\t\t\t\t\t\t<\/div>\n\t\t\t\t<\/div>\n\t\t\t\t<div class=\"elementor-element elementor-element-3d5bc70 elementor-widget elementor-widget-global elementor-global-1445 elementor-global-1156 elementor-widget-text-editor\" data-id=\"3d5bc70\" data-element_type=\"widget\" data-e-type=\"widget\" data-widget_type=\"text-editor.default\">\n\t\t\t\t<div class=\"elementor-widget-container\">\n\t\t\t\t\t\t\t\t\t<table style=\"background-color: #e2f3ea;\" cellpadding=\"10\">\n<tbody>\n<tr>\n<td><strong>Who can participate:<\/strong> our retreats are open to anyone without a previous retreat background. However, you should have some understanding and experience of meditation so that you know what it is all about. However, everyone can deepen their own practice from the situation in which they find themselves. If you have acute mental health problems, please let us know when you register so that we can discuss together whether the retreat can support your situation or, in some cases, the opposite.   <\/td>\n<\/tr>\n<\/tbody>\n<\/table>\n\t\t\t\t\t\t\t\t<\/div>\n\t\t\t\t<\/div>\n\t\t\t\t\t<\/div>\n\t\t\t\t<\/div>\n\t\t\t\t<\/div>\n\t\t","protected":false},"excerpt":{"rendered":"<p>If your heart is calling you, you are warmly invited to the Christmas atmosphere of Heartland to meditate with us in our candlelit log cabin. The purpose of the retreat is to get us into the Christmas mood, which in Heartland means above all an inner state of gentleness and softness in our minds and hearts, where we can feel at home resting in ourselves. In addition to meditations, the retreat will include a teaching session on the theme and symbolism of Christmas.  <\/p>\n","protected":false},"author":1,"featured_media":1416,"parent":0,"menu_order":15,"comment_status":"closed","ping_status":"closed","template":"","meta":{"_acf_changed":false,"footnotes":""},"categories":[46],"tags":[],"class_list":["post-1468","page","type-page","status-publish","has-post-thumbnail","hentry","category-retreats"],"acf":[],"_links":{"self":[{"href":"https:\/\/sydanmaa.org\/en\/wp-json\/wp\/v2\/pages\/1468","targetHints":{"allow":["GET"]}}],"collection":[{"href":"https:\/\/sydanmaa.org\/en\/wp-json\/wp\/v2\/pages"}],"about":[{"href":"https:\/\/sydanmaa.org\/en\/wp-json\/wp\/v2\/types\/page"}],"author":[{"embeddable":true,"href":"https:\/\/sydanmaa.org\/en\/wp-json\/wp\/v2\/users\/1"}],"replies":[{"embeddable":true,"href":"https:\/\/sydanmaa.org\/en\/wp-json\/wp\/v2\/comments?post=1468"}],"version-history":[{"count":21,"href":"https:\/\/sydanmaa.org\/en\/wp-json\/wp\/v2\/pages\/1468\/revisions"}],"predecessor-version":[{"id":3671,"href":"https:\/\/sydanmaa.org\/en\/wp-json\/wp\/v2\/pages\/1468\/revisions\/3671"}],"wp:featuredmedia":[{"embeddable":true,"href":"https:\/\/sydanmaa.org\/en\/wp-json\/wp\/v2\/media\/1416"}],"wp:attachment":[{"href":"https:\/\/sydanmaa.org\/en\/wp-json\/wp\/v2\/media?parent=1468"}],"wp:term":[{"taxonomy":"category","embeddable":true,"href":"https:\/\/sydanmaa.org\/en\/wp-json\/wp\/v2\/categories?post=1468"},{"taxonomy":"post_tag","embeddable":true,"href":"https:\/\/sydanmaa.org\/en\/wp-json\/wp\/v2\/tags?post=1468"}],"curies":[{"name":"wp","href":"https:\/\/api.w.org\/{rel}","templated":true}]}}