{"id":1565,"date":"2021-02-13T12:15:28","date_gmt":"2021-02-13T10:15:28","guid":{"rendered":"https:\/\/sydanmaa.org\/videos\/"},"modified":"2025-01-08T18:41:30","modified_gmt":"2025-01-08T16:41:30","slug":"videos","status":"publish","type":"page","link":"https:\/\/sydanmaa.org\/en\/videos\/","title":{"rendered":"Videos"},"content":{"rendered":"\t\t<div data-elementor-type=\"wp-page\" data-elementor-id=\"1565\" class=\"elementor elementor-1565 elementor-36\" data-elementor-post-type=\"page\">\n\t\t\t\t<div class=\"elementor-element elementor-element-2b974a14 e-con-full e-flex e-con e-child\" data-id=\"2b974a14\" data-element_type=\"container\" data-e-type=\"container\" data-settings=\"{&quot;background_background&quot;:&quot;classic&quot;}\">\n\t\t\t\t<div class=\"elementor-element elementor-element-50f8bbc3 elementor-widget elementor-widget-heading\" data-id=\"50f8bbc3\" data-element_type=\"widget\" data-e-type=\"widget\" data-widget_type=\"heading.default\">\n\t\t\t\t<div class=\"elementor-widget-container\">\n\t\t\t\t\t<h1 class=\"elementor-heading-title elementor-size-default\">Videos<\/h1>\t\t\t\t<\/div>\n\t\t\t\t<\/div>\n\t\t\t\t<\/div>\n\t\t<div class=\"elementor-element elementor-element-71b58fda e-flex e-con-boxed e-con e-parent\" data-id=\"71b58fda\" data-element_type=\"container\" data-e-type=\"container\">\n\t\t\t\t\t<div class=\"e-con-inner\">\n\t\t<div class=\"elementor-element elementor-element-8c7d54f e-grid e-con-full e-con e-child\" data-id=\"8c7d54f\" data-element_type=\"container\" data-e-type=\"container\">\n\t\t\t\t<div class=\"elementor-element elementor-element-f40eab0 elementor-position-top elementor-widget elementor-widget-image-box\" data-id=\"f40eab0\" data-element_type=\"widget\" data-e-type=\"widget\" data-widget_type=\"image-box.default\">\n\t\t\t\t<div class=\"elementor-widget-container\">\n\t\t\t\t\t<div class=\"elementor-image-box-wrapper\"><figure class=\"elementor-image-box-img\"><a href=\"https:\/\/www.youtube.com\/watch?v=nodkfou5OTE\" tabindex=\"-1\" target=\"_blank\" rel=\"noopener\"><img fetchpriority=\"high\" decoding=\"async\" width=\"768\" height=\"432\" src=\"https:\/\/sydanmaa.org\/wp-content\/uploads\/2024\/12\/From-Knowledge-to-Action-768x432.jpg\" class=\"attachment-medium_large size-medium_large wp-image-1398\" alt=\"\" srcset=\"https:\/\/sydanmaa.org\/wp-content\/uploads\/2024\/12\/From-Knowledge-to-Action-768x432.jpg 768w, https:\/\/sydanmaa.org\/wp-content\/uploads\/2024\/12\/From-Knowledge-to-Action-400x225.jpg 400w, https:\/\/sydanmaa.org\/wp-content\/uploads\/2024\/12\/From-Knowledge-to-Action-1024x576.jpg 1024w, https:\/\/sydanmaa.org\/wp-content\/uploads\/2024\/12\/From-Knowledge-to-Action-1536x864.jpg 1536w, https:\/\/sydanmaa.org\/wp-content\/uploads\/2024\/12\/From-Knowledge-to-Action-600x338.jpg 600w, https:\/\/sydanmaa.org\/wp-content\/uploads\/2024\/12\/From-Knowledge-to-Action.jpg 1920w\" sizes=\"(max-width: 768px) 100vw, 768px\" \/><\/a><\/figure><div class=\"elementor-image-box-content\"><h5 class=\"elementor-image-box-title\"><a href=\"https:\/\/www.youtube.com\/watch?v=nodkfou5OTE\" target=\"_blank\" rel=\"noopener\">How to understand spiritual evolution<\/a><\/h5><p class=\"elementor-image-box-description\">2:57:17 min<\/p><\/div><\/div>\t\t\t\t<\/div>\n\t\t\t\t<\/div>\n\t\t\t\t<div class=\"elementor-element elementor-element-93413a7 elementor-position-top elementor-widget elementor-widget-image-box\" data-id=\"93413a7\" data-element_type=\"widget\" data-e-type=\"widget\" data-widget_type=\"image-box.default\">\n\t\t\t\t<div class=\"elementor-widget-container\">\n\t\t\t\t\t<div class=\"elementor-image-box-wrapper\"><figure class=\"elementor-image-box-img\"><a href=\"https:\/\/www.youtube.com\/watch?v=kuZSEQYc4Qc\" tabindex=\"-1\" target=\"_blank\" rel=\"noopener\"><img decoding=\"async\" width=\"768\" height=\"432\" src=\"https:\/\/sydanmaa.org\/wp-content\/uploads\/2024\/12\/02-BS-week5-Hans-Christian-teaching-768x432.jpg\" class=\"attachment-medium_large size-medium_large wp-image-1397\" alt=\"\" srcset=\"https:\/\/sydanmaa.org\/wp-content\/uploads\/2024\/12\/02-BS-week5-Hans-Christian-teaching-768x432.jpg 768w, https:\/\/sydanmaa.org\/wp-content\/uploads\/2024\/12\/02-BS-week5-Hans-Christian-teaching-400x225.jpg 400w, https:\/\/sydanmaa.org\/wp-content\/uploads\/2024\/12\/02-BS-week5-Hans-Christian-teaching-1024x576.jpg 1024w, https:\/\/sydanmaa.org\/wp-content\/uploads\/2024\/12\/02-BS-week5-Hans-Christian-teaching-1536x864.jpg 1536w, https:\/\/sydanmaa.org\/wp-content\/uploads\/2024\/12\/02-BS-week5-Hans-Christian-teaching-600x338.jpg 600w, https:\/\/sydanmaa.org\/wp-content\/uploads\/2024\/12\/02-BS-week5-Hans-Christian-teaching.jpg 1920w\" sizes=\"(max-width: 768px) 100vw, 768px\" \/><\/a><\/figure><div class=\"elementor-image-box-content\"><h5 class=\"elementor-image-box-title\"><a href=\"https:\/\/www.youtube.com\/watch?v=kuZSEQYc4Qc\" target=\"_blank\" rel=\"noopener\">Excerpts from \u201cThe Voice of the Silence\u201d<\/a><\/h5><p class=\"elementor-image-box-description\">56:31 min<\/p><\/div><\/div>\t\t\t\t<\/div>\n\t\t\t\t<\/div>\n\t\t\t\t<div class=\"elementor-element elementor-element-2920f1c elementor-position-top elementor-widget elementor-widget-image-box\" data-id=\"2920f1c\" data-element_type=\"widget\" data-e-type=\"widget\" data-widget_type=\"image-box.default\">\n\t\t\t\t<div class=\"elementor-widget-container\">\n\t\t\t\t\t<div class=\"elementor-image-box-wrapper\"><figure class=\"elementor-image-box-img\"><a href=\"https:\/\/www.youtube.com\/watch?v=4F0B7dlJ4PU\" tabindex=\"-1\" target=\"_blank\" rel=\"noopener\"><img decoding=\"async\" width=\"768\" height=\"432\" src=\"https:\/\/sydanmaa.org\/wp-content\/uploads\/2024\/12\/leena_1320-768x432.jpg\" class=\"attachment-medium_large size-medium_large wp-image-1403\" alt=\"\" srcset=\"https:\/\/sydanmaa.org\/wp-content\/uploads\/2024\/12\/leena_1320-768x432.jpg 768w, https:\/\/sydanmaa.org\/wp-content\/uploads\/2024\/12\/leena_1320-400x225.jpg 400w, https:\/\/sydanmaa.org\/wp-content\/uploads\/2024\/12\/leena_1320-1024x576.jpg 1024w, https:\/\/sydanmaa.org\/wp-content\/uploads\/2024\/12\/leena_1320-600x338.jpg 600w, https:\/\/sydanmaa.org\/wp-content\/uploads\/2024\/12\/leena_1320.jpg 1320w\" sizes=\"(max-width: 768px) 100vw, 768px\" \/><\/a><\/figure><div class=\"elementor-image-box-content\"><h5 class=\"elementor-image-box-title\"><a href=\"https:\/\/www.youtube.com\/watch?v=4F0B7dlJ4PU\" target=\"_blank\" rel=\"noopener\">Ohjattu meditaatio itsess\u00e4 lep\u00e4\u00e4misen vahvistamiseksi<\/a><\/h5><p class=\"elementor-image-box-description\">14:07 min<\/p><\/div><\/div>\t\t\t\t<\/div>\n\t\t\t\t<\/div>\n\t\t\t\t<div class=\"elementor-element elementor-element-4600be7 elementor-position-top elementor-widget elementor-widget-image-box\" data-id=\"4600be7\" data-element_type=\"widget\" data-e-type=\"widget\" data-widget_type=\"image-box.default\">\n\t\t\t\t<div class=\"elementor-widget-container\">\n\t\t\t\t\t<div class=\"elementor-image-box-wrapper\"><figure class=\"elementor-image-box-img\"><a href=\"https:\/\/www.youtube.com\/watch?v=aa7RR1u9DCM\" tabindex=\"-1\" target=\"_blank\" rel=\"noopener\"><img loading=\"lazy\" decoding=\"async\" width=\"768\" height=\"432\" src=\"https:\/\/sydanmaa.org\/wp-content\/uploads\/2024\/12\/wednesday-meditation10.01.18_1320-768x432.jpg\" class=\"attachment-medium_large size-medium_large wp-image-1408\" alt=\"\" srcset=\"https:\/\/sydanmaa.org\/wp-content\/uploads\/2024\/12\/wednesday-meditation10.01.18_1320-768x432.jpg 768w, https:\/\/sydanmaa.org\/wp-content\/uploads\/2024\/12\/wednesday-meditation10.01.18_1320-400x225.jpg 400w, https:\/\/sydanmaa.org\/wp-content\/uploads\/2024\/12\/wednesday-meditation10.01.18_1320-1024x576.jpg 1024w, https:\/\/sydanmaa.org\/wp-content\/uploads\/2024\/12\/wednesday-meditation10.01.18_1320-600x338.jpg 600w, https:\/\/sydanmaa.org\/wp-content\/uploads\/2024\/12\/wednesday-meditation10.01.18_1320.jpg 1320w\" sizes=\"(max-width: 768px) 100vw, 768px\" \/><\/a><\/figure><div class=\"elementor-image-box-content\"><h5 class=\"elementor-image-box-title\"><a href=\"https:\/\/www.youtube.com\/watch?v=aa7RR1u9DCM\" target=\"_blank\" rel=\"noopener\">Wednesday Meditation 10.01.18<\/a><\/h5><p class=\"elementor-image-box-description\">14:07 min<\/p><\/div><\/div>\t\t\t\t<\/div>\n\t\t\t\t<\/div>\n\t\t\t\t<div class=\"elementor-element elementor-element-72ce451 elementor-position-top elementor-widget elementor-widget-image-box\" data-id=\"72ce451\" data-element_type=\"widget\" data-e-type=\"widget\" data-widget_type=\"image-box.default\">\n\t\t\t\t<div class=\"elementor-widget-container\">\n\t\t\t\t\t<div class=\"elementor-image-box-wrapper\"><figure class=\"elementor-image-box-img\"><a href=\"https:\/\/youtu.be\/p3wZBRilRe4\" tabindex=\"-1\" target=\"_blank\" rel=\"noopener\"><img loading=\"lazy\" decoding=\"async\" width=\"768\" height=\"432\" src=\"https:\/\/sydanmaa.org\/wp-content\/uploads\/2024\/12\/Riding-horses_1320-768x432.jpg\" class=\"attachment-medium_large size-medium_large wp-image-1405\" alt=\"\" srcset=\"https:\/\/sydanmaa.org\/wp-content\/uploads\/2024\/12\/Riding-horses_1320-768x432.jpg 768w, https:\/\/sydanmaa.org\/wp-content\/uploads\/2024\/12\/Riding-horses_1320-400x225.jpg 400w, https:\/\/sydanmaa.org\/wp-content\/uploads\/2024\/12\/Riding-horses_1320-1024x576.jpg 1024w, https:\/\/sydanmaa.org\/wp-content\/uploads\/2024\/12\/Riding-horses_1320-600x338.jpg 600w, https:\/\/sydanmaa.org\/wp-content\/uploads\/2024\/12\/Riding-horses_1320.jpg 1320w\" sizes=\"(max-width: 768px) 100vw, 768px\" \/><\/a><\/figure><div class=\"elementor-image-box-content\"><h5 class=\"elementor-image-box-title\"><a href=\"https:\/\/youtu.be\/p3wZBRilRe4\" target=\"_blank\" rel=\"noopener\">Heartland Nature Riding<\/a><\/h5><p class=\"elementor-image-box-description\">7:45 min<\/p><\/div><\/div>\t\t\t\t<\/div>\n\t\t\t\t<\/div>\n\t\t\t\t<div class=\"elementor-element elementor-element-ca67a1e elementor-position-top elementor-widget elementor-widget-image-box\" data-id=\"ca67a1e\" data-element_type=\"widget\" data-e-type=\"widget\" data-widget_type=\"image-box.default\">\n\t\t\t\t<div class=\"elementor-widget-container\">\n\t\t\t\t\t<div class=\"elementor-image-box-wrapper\"><figure class=\"elementor-image-box-img\"><a href=\"https:\/\/youtu.be\/3C-fYEEm2X0\" tabindex=\"-1\" target=\"_blank\" rel=\"noopener\"><img loading=\"lazy\" decoding=\"async\" width=\"768\" height=\"432\" src=\"https:\/\/sydanmaa.org\/wp-content\/uploads\/2024\/12\/Hevoskommunikaation-esittely_1320-768x432.jpg\" class=\"attachment-medium_large size-medium_large wp-image-1400\" alt=\"hevoskommunikaatio ja luontoratsastus\" srcset=\"https:\/\/sydanmaa.org\/wp-content\/uploads\/2024\/12\/Hevoskommunikaation-esittely_1320-768x432.jpg 768w, https:\/\/sydanmaa.org\/wp-content\/uploads\/2024\/12\/Hevoskommunikaation-esittely_1320-400x225.jpg 400w, https:\/\/sydanmaa.org\/wp-content\/uploads\/2024\/12\/Hevoskommunikaation-esittely_1320-1024x576.jpg 1024w, https:\/\/sydanmaa.org\/wp-content\/uploads\/2024\/12\/Hevoskommunikaation-esittely_1320-600x338.jpg 600w, https:\/\/sydanmaa.org\/wp-content\/uploads\/2024\/12\/Hevoskommunikaation-esittely_1320.jpg 1320w\" sizes=\"(max-width: 768px) 100vw, 768px\" \/><\/a><\/figure><div class=\"elementor-image-box-content\"><h5 class=\"elementor-image-box-title\"><a href=\"https:\/\/youtu.be\/3C-fYEEm2X0\" target=\"_blank\" rel=\"noopener\">Heartland Horse Communication<\/a><\/h5><p class=\"elementor-image-box-description\">9:06 min<\/p><\/div><\/div>\t\t\t\t<\/div>\n\t\t\t\t<\/div>\n\t\t\t\t<div class=\"elementor-element elementor-element-65ee806 elementor-position-top elementor-widget elementor-widget-image-box\" data-id=\"65ee806\" data-element_type=\"widget\" data-e-type=\"widget\" data-widget_type=\"image-box.default\">\n\t\t\t\t<div class=\"elementor-widget-container\">\n\t\t\t\t\t<div class=\"elementor-image-box-wrapper\"><figure class=\"elementor-image-box-img\"><a href=\"https:\/\/www.youtube.com\/watch?list=PLBGOQA7egDKK-WLGcSw8DvrxVulawsU7D&#038;v=ZXxrgm4EElw\" tabindex=\"-1\" target=\"_blank\" rel=\"noopener\"><img loading=\"lazy\" decoding=\"async\" width=\"768\" height=\"432\" src=\"https:\/\/sydanmaa.org\/wp-content\/uploads\/2024\/12\/Green-juice-video_1320-768x432.jpg\" class=\"attachment-medium_large size-medium_large wp-image-1399\" alt=\"\" srcset=\"https:\/\/sydanmaa.org\/wp-content\/uploads\/2024\/12\/Green-juice-video_1320-768x432.jpg 768w, https:\/\/sydanmaa.org\/wp-content\/uploads\/2024\/12\/Green-juice-video_1320-400x225.jpg 400w, https:\/\/sydanmaa.org\/wp-content\/uploads\/2024\/12\/Green-juice-video_1320-1024x576.jpg 1024w, https:\/\/sydanmaa.org\/wp-content\/uploads\/2024\/12\/Green-juice-video_1320-600x338.jpg 600w, https:\/\/sydanmaa.org\/wp-content\/uploads\/2024\/12\/Green-juice-video_1320.jpg 1320w\" sizes=\"(max-width: 768px) 100vw, 768px\" \/><\/a><\/figure><div class=\"elementor-image-box-content\"><h5 class=\"elementor-image-box-title\"><a href=\"https:\/\/www.youtube.com\/watch?list=PLBGOQA7egDKK-WLGcSw8DvrxVulawsU7D&#038;v=ZXxrgm4EElw\" target=\"_blank\" rel=\"noopener\">Vegetable juicing - video blog<\/a><\/h5><p class=\"elementor-image-box-description\">13:16 min<\/p><\/div><\/div>\t\t\t\t<\/div>\n\t\t\t\t<\/div>\n\t\t\t\t<div class=\"elementor-element elementor-element-d06116e elementor-position-top elementor-widget elementor-widget-image-box\" data-id=\"d06116e\" data-element_type=\"widget\" data-e-type=\"widget\" data-widget_type=\"image-box.default\">\n\t\t\t\t<div class=\"elementor-widget-container\">\n\t\t\t\t\t<div class=\"elementor-image-box-wrapper\"><figure class=\"elementor-image-box-img\"><a href=\"https:\/\/www.youtube.com\/watch?list=PLBGOQA7egDKKiE07qVEq--dsQs5fsW0_m&#038;v=sWweobVMiTE\" tabindex=\"-1\" target=\"_blank\" rel=\"noopener\"><img loading=\"lazy\" decoding=\"async\" width=\"768\" height=\"512\" src=\"https:\/\/sydanmaa.org\/wp-content\/uploads\/2024\/12\/Shakti-yoga-Leena-Marjatta_1320-768x512.jpg\" class=\"attachment-medium_large size-medium_large wp-image-1366\" alt=\"\" srcset=\"https:\/\/sydanmaa.org\/wp-content\/uploads\/2024\/12\/Shakti-yoga-Leena-Marjatta_1320-768x512.jpg 768w, https:\/\/sydanmaa.org\/wp-content\/uploads\/2024\/12\/Shakti-yoga-Leena-Marjatta_1320-400x267.jpg 400w, https:\/\/sydanmaa.org\/wp-content\/uploads\/2024\/12\/Shakti-yoga-Leena-Marjatta_1320-1024x683.jpg 1024w, https:\/\/sydanmaa.org\/wp-content\/uploads\/2024\/12\/Shakti-yoga-Leena-Marjatta_1320-600x400.jpg 600w, https:\/\/sydanmaa.org\/wp-content\/uploads\/2024\/12\/Shakti-yoga-Leena-Marjatta_1320.jpg 1320w\" sizes=\"(max-width: 768px) 100vw, 768px\" \/><\/a><\/figure><div class=\"elementor-image-box-content\"><h5 class=\"elementor-image-box-title\"><a href=\"https:\/\/www.youtube.com\/watch?list=PLBGOQA7egDKKiE07qVEq--dsQs5fsW0_m&#038;v=sWweobVMiTE\" target=\"_blank\" rel=\"noopener\">Heartland Shakti Yoga<\/a><\/h5><p class=\"elementor-image-box-description\">6:52 min<\/p><\/div><\/div>\t\t\t\t<\/div>\n\t\t\t\t<\/div>\n\t\t\t\t<div class=\"elementor-element elementor-element-649e378 elementor-position-top elementor-widget elementor-widget-image-box\" data-id=\"649e378\" data-element_type=\"widget\" data-e-type=\"widget\" data-widget_type=\"image-box.default\">\n\t\t\t\t<div class=\"elementor-widget-container\">\n\t\t\t\t\t<div class=\"elementor-image-box-wrapper\"><figure class=\"elementor-image-box-img\"><a href=\"https:\/\/www.youtube.com\/watch?v=5RKXVR0I0AM&#038;list=PLqOLGZfNhskWbFDp5ZxqGug0hVs1XXpOx\" tabindex=\"-1\" target=\"_blank\" rel=\"noopener\"><img loading=\"lazy\" decoding=\"async\" width=\"768\" height=\"432\" src=\"https:\/\/sydanmaa.org\/wp-content\/uploads\/2024\/12\/Sri_M_DSC9771-768x432.jpg\" class=\"attachment-medium_large size-medium_large wp-image-1367\" alt=\"\" srcset=\"https:\/\/sydanmaa.org\/wp-content\/uploads\/2024\/12\/Sri_M_DSC9771-768x432.jpg 768w, https:\/\/sydanmaa.org\/wp-content\/uploads\/2024\/12\/Sri_M_DSC9771-400x225.jpg 400w, https:\/\/sydanmaa.org\/wp-content\/uploads\/2024\/12\/Sri_M_DSC9771-1024x576.jpg 1024w, https:\/\/sydanmaa.org\/wp-content\/uploads\/2024\/12\/Sri_M_DSC9771-600x338.jpg 600w, https:\/\/sydanmaa.org\/wp-content\/uploads\/2024\/12\/Sri_M_DSC9771.jpg 1320w\" sizes=\"(max-width: 768px) 100vw, 768px\" \/><\/a><\/figure><div class=\"elementor-image-box-content\"><h5 class=\"elementor-image-box-title\"><a href=\"https:\/\/www.youtube.com\/watch?v=5RKXVR0I0AM&#038;list=PLqOLGZfNhskWbFDp5ZxqGug0hVs1XXpOx\" target=\"_blank\" rel=\"noopener\">Sri M visiting Syd\u00e4nmaa 2019<\/a><\/h5><p class=\"elementor-image-box-description\">Playlist<\/p><\/div><\/div>\t\t\t\t<\/div>\n\t\t\t\t<\/div>\n\t\t\t\t<div class=\"elementor-element elementor-element-e93065e elementor-position-top elementor-widget elementor-widget-image-box\" data-id=\"e93065e\" data-element_type=\"widget\" data-e-type=\"widget\" data-widget_type=\"image-box.default\">\n\t\t\t\t<div class=\"elementor-widget-container\">\n\t\t\t\t\t<div class=\"elementor-image-box-wrapper\"><figure class=\"elementor-image-box-img\"><a href=\"https:\/\/www.youtube.com\/watch?v=yj6LmoCVZ_M&#038;list=PLqOLGZfNhskVAud6ADSLFw-ito8W2oT44&#038;index=1\" tabindex=\"-1\" target=\"_blank\" rel=\"noopener\"><img loading=\"lazy\" decoding=\"async\" width=\"768\" height=\"432\" src=\"https:\/\/sydanmaa.org\/wp-content\/uploads\/2024\/12\/Sri_M_Sydanmaa_2020-768x432.jpg\" class=\"attachment-medium_large size-medium_large wp-image-1368\" alt=\"\" srcset=\"https:\/\/sydanmaa.org\/wp-content\/uploads\/2024\/12\/Sri_M_Sydanmaa_2020-768x432.jpg 768w, https:\/\/sydanmaa.org\/wp-content\/uploads\/2024\/12\/Sri_M_Sydanmaa_2020-400x225.jpg 400w, https:\/\/sydanmaa.org\/wp-content\/uploads\/2024\/12\/Sri_M_Sydanmaa_2020-1024x576.jpg 1024w, https:\/\/sydanmaa.org\/wp-content\/uploads\/2024\/12\/Sri_M_Sydanmaa_2020-600x338.jpg 600w, https:\/\/sydanmaa.org\/wp-content\/uploads\/2024\/12\/Sri_M_Sydanmaa_2020.jpg 1320w\" sizes=\"(max-width: 768px) 100vw, 768px\" \/><\/a><\/figure><div class=\"elementor-image-box-content\"><h5 class=\"elementor-image-box-title\"><a href=\"https:\/\/www.youtube.com\/watch?v=yj6LmoCVZ_M&#038;list=PLqOLGZfNhskVAud6ADSLFw-ito8W2oT44&#038;index=1\" target=\"_blank\" rel=\"noopener\">Sri M retreat Syd\u00e4nmaa 2020<\/a><\/h5><p class=\"elementor-image-box-description\">Playlist<\/p><\/div><\/div>\t\t\t\t<\/div>\n\t\t\t\t<\/div>\n\t\t\t\t<div class=\"elementor-element elementor-element-957cc84 elementor-position-top elementor-widget elementor-widget-image-box\" data-id=\"957cc84\" data-element_type=\"widget\" data-e-type=\"widget\" data-widget_type=\"image-box.default\">\n\t\t\t\t<div class=\"elementor-widget-container\">\n\t\t\t\t\t<div class=\"elementor-image-box-wrapper\"><figure class=\"elementor-image-box-img\"><a href=\"https:\/\/www.youtube.com\/watch?v=nfZGyjrO4dA\" tabindex=\"-1\" target=\"_blank\" rel=\"noopener\"><img loading=\"lazy\" decoding=\"async\" width=\"768\" height=\"432\" src=\"https:\/\/sydanmaa.org\/wp-content\/uploads\/2024\/12\/Sri_M_Sydanmaa_2021-768x432.jpg\" class=\"attachment-medium_large size-medium_large wp-image-1369\" alt=\"\" srcset=\"https:\/\/sydanmaa.org\/wp-content\/uploads\/2024\/12\/Sri_M_Sydanmaa_2021-768x432.jpg 768w, https:\/\/sydanmaa.org\/wp-content\/uploads\/2024\/12\/Sri_M_Sydanmaa_2021-400x225.jpg 400w, https:\/\/sydanmaa.org\/wp-content\/uploads\/2024\/12\/Sri_M_Sydanmaa_2021-1024x576.jpg 1024w, https:\/\/sydanmaa.org\/wp-content\/uploads\/2024\/12\/Sri_M_Sydanmaa_2021-1536x864.jpg 1536w, https:\/\/sydanmaa.org\/wp-content\/uploads\/2024\/12\/Sri_M_Sydanmaa_2021-600x338.jpg 600w, https:\/\/sydanmaa.org\/wp-content\/uploads\/2024\/12\/Sri_M_Sydanmaa_2021.jpg 1920w\" sizes=\"(max-width: 768px) 100vw, 768px\" \/><\/a><\/figure><div class=\"elementor-image-box-content\"><h5 class=\"elementor-image-box-title\"><a href=\"https:\/\/www.youtube.com\/watch?v=nfZGyjrO4dA\" target=\"_blank\" rel=\"noopener\">Sri M Webinar Syd\u00e4nmaa 2021<\/a><\/h5><p class=\"elementor-image-box-description\">1:04:00 min<\/p><\/div><\/div>\t\t\t\t<\/div>\n\t\t\t\t<\/div>\n\t\t\t\t<div class=\"elementor-element elementor-element-c996301 elementor-position-top elementor-widget elementor-widget-image-box\" data-id=\"c996301\" data-element_type=\"widget\" data-e-type=\"widget\" data-widget_type=\"image-box.default\">\n\t\t\t\t<div class=\"elementor-widget-container\">\n\t\t\t\t\t<div class=\"elementor-image-box-wrapper\"><figure class=\"elementor-image-box-img\"><a href=\"https:\/\/www.youtube.com\/watch?v=qe7HrxDxlzc&#038;list=PLBGOQA7egDKJQpLWg2meW3y6igT-WhEs-\" tabindex=\"-1\" target=\"_blank\" rel=\"noopener\"><img loading=\"lazy\" decoding=\"async\" width=\"768\" height=\"432\" src=\"https:\/\/sydanmaa.org\/wp-content\/uploads\/2024\/12\/Sri_M_session5_2022-768x432.png\" class=\"attachment-medium_large size-medium_large wp-image-1409\" alt=\"\" srcset=\"https:\/\/sydanmaa.org\/wp-content\/uploads\/2024\/12\/Sri_M_session5_2022-768x432.png 768w, https:\/\/sydanmaa.org\/wp-content\/uploads\/2024\/12\/Sri_M_session5_2022-400x225.png 400w, https:\/\/sydanmaa.org\/wp-content\/uploads\/2024\/12\/Sri_M_session5_2022-1024x576.png 1024w, https:\/\/sydanmaa.org\/wp-content\/uploads\/2024\/12\/Sri_M_session5_2022-600x338.png 600w, https:\/\/sydanmaa.org\/wp-content\/uploads\/2024\/12\/Sri_M_session5_2022.png 1280w\" sizes=\"(max-width: 768px) 100vw, 768px\" \/><\/a><\/figure><div class=\"elementor-image-box-content\"><h5 class=\"elementor-image-box-title\"><a href=\"https:\/\/www.youtube.com\/watch?v=qe7HrxDxlzc&#038;list=PLBGOQA7egDKJQpLWg2meW3y6igT-WhEs-\" target=\"_blank\" rel=\"noopener\">Sri M visiting Syd\u00e4nmaa 2022<\/a><\/h5><p class=\"elementor-image-box-description\">Playlist<\/p><\/div><\/div>\t\t\t\t<\/div>\n\t\t\t\t<\/div>\n\t\t\t\t<div class=\"elementor-element elementor-element-9fcf479 elementor-position-top elementor-widget elementor-widget-image-box\" data-id=\"9fcf479\" data-element_type=\"widget\" data-e-type=\"widget\" data-widget_type=\"image-box.default\">\n\t\t\t\t<div class=\"elementor-widget-container\">\n\t\t\t\t\t<div class=\"elementor-image-box-wrapper\"><figure class=\"elementor-image-box-img\"><a href=\"https:\/\/www.youtube.com\/watch?v=qe7HrxDxlzc&#038;list=PLBGOQA7egDKJQpLWg2meW3y6igT-WhEs-\" tabindex=\"-1\" target=\"_blank\" rel=\"noopener\"><img loading=\"lazy\" decoding=\"async\" width=\"768\" height=\"432\" src=\"https:\/\/sydanmaa.org\/wp-content\/uploads\/2024\/12\/sri_m_youtube-768x432.jpg\" class=\"attachment-medium_large size-medium_large wp-image-1410\" alt=\"\" srcset=\"https:\/\/sydanmaa.org\/wp-content\/uploads\/2024\/12\/sri_m_youtube-768x432.jpg 768w, https:\/\/sydanmaa.org\/wp-content\/uploads\/2024\/12\/sri_m_youtube-400x225.jpg 400w, https:\/\/sydanmaa.org\/wp-content\/uploads\/2024\/12\/sri_m_youtube-1024x576.jpg 1024w, https:\/\/sydanmaa.org\/wp-content\/uploads\/2024\/12\/sri_m_youtube-600x338.jpg 600w, https:\/\/sydanmaa.org\/wp-content\/uploads\/2024\/12\/sri_m_youtube.jpg 1214w\" sizes=\"(max-width: 768px) 100vw, 768px\" \/><\/a><\/figure><div class=\"elementor-image-box-content\"><h5 class=\"elementor-image-box-title\"><a href=\"https:\/\/www.youtube.com\/watch?v=qe7HrxDxlzc&#038;list=PLBGOQA7egDKJQpLWg2meW3y6igT-WhEs-\" target=\"_blank\" rel=\"noopener\">Conversation with Sri M Switzerland 2024<\/a><\/h5><p class=\"elementor-image-box-description\">26:28 min<\/p><\/div><\/div>\t\t\t\t<\/div>\n\t\t\t\t<\/div>\n\t\t\t\t<\/div>\n\t\t\t\t\t<\/div>\n\t\t\t\t<\/div>\n\t\t\t\t<\/div>\n\t\t","protected":false},"excerpt":{"rendered":"<p>Videos How to understand spiritual evolution 2:57:17 min Excerpts from \u201cThe Voice of the Silence\u201d 56:31 min Ohjattu meditaatio itsess\u00e4 lep\u00e4\u00e4misen vahvistamiseksi 14:07 min Wednesday Meditation 10.01.18 14:07 min Heartland Nature Riding 7:45 min Heartland Horse Communication 9:06 min Vegetable juicing &#8211; video blog 13:16 min Heartland Shakti Yoga 6:52 min Sri M visiting Syd\u00e4nmaa [&hellip;]<\/p>\n","protected":false},"author":1,"featured_media":1398,"parent":0,"menu_order":8,"comment_status":"closed","ping_status":"closed","template":"","meta":{"_acf_changed":false,"footnotes":""},"categories":[],"tags":[],"class_list":["post-1565","page","type-page","status-publish","has-post-thumbnail","hentry"],"acf":[],"_links":{"self":[{"href":"https:\/\/sydanmaa.org\/en\/wp-json\/wp\/v2\/pages\/1565","targetHints":{"allow":["GET"]}}],"collection":[{"href":"https:\/\/sydanmaa.org\/en\/wp-json\/wp\/v2\/pages"}],"about":[{"href":"https:\/\/sydanmaa.org\/en\/wp-json\/wp\/v2\/types\/page"}],"author":[{"embeddable":true,"href":"https:\/\/sydanmaa.org\/en\/wp-json\/wp\/v2\/users\/1"}],"replies":[{"embeddable":true,"href":"https:\/\/sydanmaa.org\/en\/wp-json\/wp\/v2\/comments?post=1565"}],"version-history":[{"count":11,"href":"https:\/\/sydanmaa.org\/en\/wp-json\/wp\/v2\/pages\/1565\/revisions"}],"predecessor-version":[{"id":2246,"href":"https:\/\/sydanmaa.org\/en\/wp-json\/wp\/v2\/pages\/1565\/revisions\/2246"}],"wp:featuredmedia":[{"embeddable":true,"href":"https:\/\/sydanmaa.org\/en\/wp-json\/wp\/v2\/media\/1398"}],"wp:attachment":[{"href":"https:\/\/sydanmaa.org\/en\/wp-json\/wp\/v2\/media?parent=1565"}],"wp:term":[{"taxonomy":"category","embeddable":true,"href":"https:\/\/sydanmaa.org\/en\/wp-json\/wp\/v2\/categories?post=1565"},{"taxonomy":"post_tag","embeddable":true,"href":"https:\/\/sydanmaa.org\/en\/wp-json\/wp\/v2\/tags?post=1565"}],"curies":[{"name":"wp","href":"https:\/\/api.w.org\/{rel}","templated":true}]}}